{"id":258,"date":"2023-11-09T18:59:18","date_gmt":"2023-11-09T17:59:18","guid":{"rendered":"https:\/\/magnusrentacar.rs\/?page_id=258"},"modified":"2023-11-09T23:53:08","modified_gmt":"2023-11-09T22:53:08","slug":"terms-of-condition","status":"publish","type":"page","link":"https:\/\/magnusrentacar.rs\/sr\/terms-of-condition\/","title":{"rendered":"USLOVI KORI\u0160\u0106ENJA"},"content":{"rendered":"<div style=\"height:50px\" aria-hidden=\"true\" class=\"wp-block-spacer\"><\/div>\n\n\n\n<h1 class=\"wp-block-heading\">USLOVI KORI\u0160\u0106ENJA MAGNUS RENT A CAR <\/h1>\n\n\n\n<p>Uslovi kori\u0161c\u0301enja i op\u0161te odredbe o&nbsp;<strong>MAGNUS Rent a car Belgrade<\/strong>&nbsp;agencija za iznajmljivanje automobila u Beogradu<\/p>\n\n\n\n<p>MAGNUS RENT A CAR (u daljem tekstu Zakupodavac) iznajmljuje vozilo Zakupcu (u daljem tekstu Zakupac), \u010diji se podaci nalaze na prvoj stranici Ugovora o najmu vozila, pod sledec\u0301im uslovima:<\/p>\n\n\n\n<p><strong>\u0423\u0421\u041b\u041e\u0412\u0418 \u041a\u041e\u0420\u0418\u0428\u040b\u0415\u040a\u0410, \u041e\u041f\u0428\u0422\u0415 \u041e\u0414\u0420\u0415\u0414\u0411\u0415<\/strong><\/p>\n\n\n\n<p><strong>\u010clan 1.<\/strong>&nbsp;Potpisivanjem, Zakupac je saglasan sa ovim Ugovorom i obavezuje se:<\/p>\n\n\n\n<ul class=\"wp-block-list\">\n<li>da prihvati cene i druge uslove zakupa navedene u va\u017eec\u0301em cenovniku kao sastavni deo ovog ugovora;<\/li>\n\n\n\n<li>da prima vozilo u ispravnom stanju sa svim pratec\u0301im priborom, dokumentima o vozilu kao i dodatnom opremom i priborom navedenim u ugovoru;<\/li>\n\n\n\n<li>da vrati iznajmljeno vozilo na mesto iu roku utvr\u0111enom ovim Ugovorom ili ranije na zahtev Zakupodavca;<\/li>\n\n\n\n<li>da za produ\u017eenje ugovorenog roka zakupa, kao i sve druge promene u najmu, zatra\u017ei saglasnost Zakupodavca, isklju\u010divo u pisanoj formi, pre isteka ugovorenog roka za vrac\u0301anje vozila, u suprotnom je Zakupodavac ovla\u0161c\u0301en da prijavi nestanak vozila na lizing;<\/li>\n\n\n\n<li>u slu\u010daju potrebe produ\u017eenja zakupa, novi ugovor c\u0301e biti potpisan nakon \u0161to Zakupac izmiri sve obaveze po ranije zaklju\u010denom ugovoru;<\/li>\n\n\n\n<li>iznajmljeno vozilo ne prelazi dr\u017eavnu granicu bez saglasnosti Zakupodavca;<\/li>\n\n\n\n<li>odmah prekinuti vo\u017enju ako se kilometra\u017ea pokvari tokom upotrebe i obavestiti Zakupodavca o kvaru broja\u010da kilometara \u0161to je pre moguc\u0301e;<\/li>\n\n\n\n<li>plati Zakupodavcu iznos tro\u0161kova od 500 kilometara za svaki dan kori\u0161c\u0301enja vozila, ako se pri vrac\u0301anju vozila utvrdi da je broja\u010d kilometara o\u0161tec\u0301en;<\/li>\n\n\n\n<li>iznajmljeno vozilo se ne koristi pod dejstvom alkohola ili droge, u nedozvoljene svrhe, za obuku voza\u010da, za prevoz putnika ili robe uz naknadu, prevoz ili vu\u010du drugih vozila, prikolica ili njihovih delova, za u\u010de\u0161c\u0301e na moto-sportskim manifestacijama.<\/li>\n\n\n\n<li>ne napu\u0161ta vozilo u slu\u010daju kvara dok ga Zakupodavac ne obezbedi za preuzimanje,<\/li>\n\n\n\n<li>pravilno odr\u017eavati i \u010duvati vozilo tokom upotrebe, koristiti ga samo za sopstvene potrebe i ne iznajmljivati ili posu\u0111ivati trec\u0301em licu;<\/li>\n\n\n\n<li>vozilom upravlja sam ili lice koje je Zakupodavac ovlastio Ugovorom o zakupu kao drugi voza\u010d;<\/li>\n\n\n\n<li>ne opterec\u0301ujte vozilo licima ili predmetima iznad dozvoljene nosivosti;<\/li>\n\n\n\n<li>bez pismene saglasnosti Zakupodavca nec\u0301e vr\u0161iti nikakve izmene delova, sklopova, ure\u0111aja ili na bilo koji na\u010din spolja\u0161njeg izgleda vozila;<\/li>\n\n\n\n<li>da c\u0301e odmah i bez odlaganja obavestiti Zakupodavca ukoliko se BILO KOJI signalna lampica upali na kontrolnom displeju ili na kompjuteru u vozilu, kako bi intervenisao na vozilu.<\/li>\n<\/ul>\n\n\n\n<p><strong>***<\/strong>&nbsp;NAJMODAVAC striktno po\u0161tuje servisne intervale proizvo\u0111a\u010da vozila. Nepo\u0161tovanje istih dovodi do gubitka garancije na vozilo.<\/p>\n\n\n\n<p><strong>\u010clan 2.&nbsp;<\/strong>U slu\u010daju da Zakupac ne ispo\u0161tuje uslove iz \u010dlana 1. obavezuje se da naknadi Zakupodavcu svaku \u0161tetu koja bi time nastala, \u010diju visinu odre\u0111uje Zakupodavac.<\/p>\n\n\n\n<p><strong>\u010clan 3.<\/strong>&nbsp;Zakupac je du\u017ean da pri zaklju\u010divanju Ugovora deponuje svu potrebnu dokumentaciju i dokumentaciju, va\u017eec\u0301u voza\u010dku dozvolu, li\u010dnu kartu ili paso\u0161.<\/p>\n\n\n\n<p><strong>\u010clan 4.<\/strong>&nbsp;Zakupac je du\u017ean da snosi tro\u0161kove utro\u0161enog goriva, kazne i saobrac\u0301ajne prekr\u0161aje koji su nastali usled nepravilne upotrebe vozila, uklju\u010dujuc\u0301i i kazne za nepropisno parkiranje do kojih je do\u0161lo tokom trajanja ugovora o zakupu.<\/p>\n\n\n\n<p><strong>\u010clan 5.&nbsp;<\/strong>Zakupac je du\u017ean da pre preuzimanja vozila uplati depozit kao i ugovoreni iznos tro\u0161kova zakupa. Tro\u0161kovi depozita i zakupa mogu se platiti putem predautorizacije nekom od platnih kartica (Visa, Master, Maestro, Dina), gotovinom ili uplatom na ra\u010dun (pravna lica).<br>Rezervisani iznos nec\u0301e biti dostupan Zakupcu tokom perioda zakupa. Iznos rezervisanog iznosa zavisi od marke iznajmljenog vozila, paketa pokric\u0301a i trajanja najma. U slu\u010daju da do\u0111e do o\u0161tec\u0301enja vozila prilikom iznajmljivanja, depozit se zadr\u017eava do utvr\u0111ivanja visine \u0161tete, najkasnije u roku od 30 dana. Ako nema o\u0161tec\u0301enja na vozilu, nakon izmirenja svih tro\u0161kova zakupa, depozit c\u0301e biti vrac\u0301en Zakupcu odmah po povratu vozila ako ga polo\u017eim u gotovini, odnosno u roku od najvi\u0161e 15 radnih dana ako je polo\u017een putem pre- faktura ili predautorizacija sa jedne od platnih kartica.<\/p>\n\n\n\n<p><strong>\u010clan 6.<\/strong>&nbsp;Prilikom kori\u0161c\u0301enja iznajmljenog vozila Zakupac je, u skladu sa va\u017eec\u0301im zakonima i pravilima osiguranja, osiguran od pravne odgovornosti za \u0161tetu prema trec\u0301im licima.<\/p>\n\n\n\n<p><strong>POKRIVANJE \u0160TETE I KRADE<\/strong><\/p>\n\n\n\n<p><strong>\u010clan 7.&nbsp;<\/strong>Sve \u0161tete nastale prilikom iznajmljivanja na iznajmljenom vozilu u slu\u010daju saobrac\u0301ajne nezgode i van saobrac\u0301ajne nezgode (npr. na parkingu), kao i \u0161tete prouzrokovane kra\u0111om-nestankom vozila, nadokna\u0111uje Zakupac, u zavisnosti od ugovorenog paketa pokric\u0301a, iznos u\u010de\u0161c\u0301a u \u0161teti za ugovoreni paket.<\/p>\n\n\n\n<ul class=\"wp-block-list\">\n<li><strong>Osnovni<\/strong>&nbsp;(osnovni) paket pokric\u0301a je obavezan i uklju\u010den je u cenu najma vozila.<\/li>\n\n\n\n<li>Ugovaranjem, doplatom za&nbsp;<strong>Srednji<\/strong>&nbsp;paket pokric\u0301a, Zakupac smanjuje finansijski rizik, u\u010destvuje u \u0161teti.<\/li>\n\n\n\n<li>Ugovaranjem, doplatom za&nbsp;<strong>Potpuni<\/strong>&nbsp;paket pokric\u0301a, Zakupac je u potpunosti oslobo\u0111en finansijskog rizika, u\u010destvujuc\u0301i u \u0161teti.<\/li>\n<\/ul>\n\n\n\n<p>Propisani iznos u\u010de\u0161c\u0301a u \u0161teti za pakete OSNOVNE i SREDNJE pokric\u0301e je ujedno i maksimalni iznos u\u010de\u0161c\u0301a u \u0161teti, koji Zakupac nadokna\u0111uje u saobrac\u0301ajnoj nezgodi i van saobrac\u0301ajne nezgode (npr. na parkingu), kao i pri\u010dinjene \u0161tete. kra\u0111om-nestankom vozila. Ugovoreni, kao i maksimalni iznos u\u010de\u0161c\u0301a u \u0161teti za OSNOVNO i SREDNJE pokric\u0301e je naveden na prvoj strani Ugovora o zakupu.<br>Bez obzira na ugovoreni paket pokric\u0301a OSNOVNI, SREDNJI ili UKUPNI, sva o\u0161tec\u0301enja na vozilu tokom najma, nastala u saobrac\u0301ajnoj nezgodi ili van saobrac\u0301ajne nezgode (npr. na parkingu), kao i kra\u0111a-nestanak vozila, Zakupac je du\u017ean da se odmah prijavi nadle\u017enom policijskom organu na mestu nastanka nezgode, o\u0161tec\u0301enja ili kra\u0111e-nestanka, dostavi policijski zapisnik sa alkotestom, obavesti Zakupodavca, popuni poseban izve\u0161taj o nezgodi, \u0161teti, kao i kao izjavu o kra\u0111i-gubitku vozila u kancelariji Zakupodavca.<\/p>\n\n\n\n<p><strong>Ukoliko se saobrac\u0301ajna nezgoda, \u0161teta i kra\u0111a-nestanak vozila ne prijave policiji, Zakupac plac\u0301a pun iznos \u0161tete, uklju\u010dujuc\u0301i i izgubljenu dobit u iznosu dnevnog zakupnine zbog nekori\u0161c\u0301enja vozila. za vreme trajanja popravke, do maksimalno 30 dana, bez obzira da li je ugovoren OSNOVNI, SREDNJI ili TOTALNI paket pokric\u0301a.<\/strong><\/p>\n\n\n\n<p><strong><\/strong><strong>\u010clan 8.<\/strong>&nbsp;Zakupac je u potpunosti odgovoran za:<\/p>\n\n\n\n<ul class=\"wp-block-list\">\n<li>\u0161tete uzrokovane kra\u0111om vozila ako vozilo nije bilo zaklju\u010dano u trenutku kra\u0111e i ako su klju\u010devi i\/ili dokumenti ostavljeni u vozilu<\/li>\n\n\n\n<li>o\u0161tec\u0301enja na vozilu koju je on ili od njega ovlastio voza\u010d (drugi voza\u010d) pod uticajem&nbsp;<strong>Droge ili alkohola<\/strong><\/li>\n\n\n\n<li>zatim \u0161tetu prouzrokovanu namerno ili usled krajnje nepa\u017enje u vo\u017enji ili ako voza\u010d nije imao va\u017eec\u0301u voza\u010dku dozvolu u vreme o\u0161tec\u0301enja i kra\u0111e ako vozilo nije bilo zaklju\u010dano u trenutku kra\u0111e.<\/li>\n\n\n\n<li>o\u0161tec\u0301enja u unutra\u0161njosti vozila, o\u0161tec\u0301enja na \u0161asiji vozila sa donje strane, polomljeni i\/ili izgubljeni klju\u010d, \u0161teta uzrokovana sipanjem pogre\u0161ne vrste goriva i za \u0161tetu nastalu namernim ili nepa\u017eljivim radnjama korisnika.<\/li>\n<\/ul>\n\n\n\n<p>Sve navedene \u0161tete c\u0301e biti naplac\u0301ene u celosti od Zakupca najkasnije prilikom vrac\u0301anja vozila.<\/p>\n\n\n\n<p><strong>\u010clan 9.<\/strong>&nbsp;Zakupac se obavezuje da:<\/p>\n\n\n\n<ul class=\"wp-block-list\">\n<li>u slu\u010daju nezgode za\u0161tititi interese davaoca lizinga i njegovog osiguravajuc\u0301eg dru\u0161tva evidentiranjem imena i adresa u\u010desnika i svedoka nezgode i ne napu\u0161tati o\u0161tec\u0301eno vozilo dok se ono ne ukloni sa mesta nezgode i obezbedi;<\/li>\n\n\n\n<li>ako do\u0111e do vec\u0301e \u0161tete na vozilu, ili ako u udesu ima povre\u0111enih (\u010dak i kada je krivica drugih lica o\u010digledna) odmah pozvati i sa\u010dekati dolazak policije i hitne pomoc\u0301i i podneti pismeni izve\u0161taj o nezgodi do najbli\u017ee kancelarije Zakupodavca.<\/li>\n<\/ul>\n\n\n\n<p><strong>\u010clan 10.<\/strong>&nbsp;Ukoliko Zakupac ne ispuni sve uslove navedene u \u010dlanu 10. i 11. ovog ugovora u slu\u010daju nezgode, snosic\u0301e odgovornost za sve posledice i \u0161tete koje bi Zakupodavac pretrpeo tim propustom.<\/p>\n\n\n\n<p>Zavr\u0161ne odredbe<\/p>\n\n\n\n<p><strong>\u010clan 11.<\/strong>&nbsp;Zakupodavac nec\u0301e nadoknaditi Zakupcu gubitak ili o\u0161tec\u0301enje li\u010dnog prtljaga i stvari koje se nalaze 2 \/ na iznajmljenom vozilu.<\/p>\n\n\n\n<p><strong>\u010clan 12.<\/strong>&nbsp;Sve izmene ovog ugovora su va\u017eec\u0301e samo ako ih obe strane u pisanoj formi potvrde.<\/p>\n\n\n\n<p><strong>\u010clan 13.<\/strong>&nbsp;Ako Zakupac plac\u0301a tro\u0161kove kreditnom karticom, svojim potpisom na originalnom ugovoru ovla\u0161c\u0301uje Zakupodavca da fakturi\u0161e ukupne tro\u0161kove zakupa kreditnom klubu ili banci koja je izdala kreditnu karticu.<\/p>\n\n\n\n<p><strong>\u010clan 14.&nbsp;<\/strong>U slu\u010daju spora koji proizilazi iz ovog ugovora, strane su saglasne da je nadle\u017enost suda u Beogradu.<\/p>\n\n\n\n<p><strong>\u010clan 15.&nbsp;<\/strong>Sve cene u cenovnikima Zakupodavca izra\u017eene su u EUR. Obra\u010dun za predautorizaciju i plac\u0301anje vr\u0161i se po srednjem kursu NBS u dinarskoj protivvrednosti.<\/p>\n\n\n\n<p><strong>\u010clan 16.<\/strong>&nbsp;Ugovor je sastavljen u 2 primerka, po jedan za obe ugovorne strane i predstavlja slobodnu volju ugovornih strana, te ga kao takvog prihvataju i potpisuju.<\/p>\n\n\n\n<div style=\"height:100px\" aria-hidden=\"true\" class=\"wp-block-spacer\"><\/div>","protected":false},"excerpt":{"rendered":"<p>TERMS OF USE MAGNUS RENT A CAR Terms of use and general provisions of&nbsp;MAGNUS Rent a car Belgrade&nbsp;agency for car rental in Belgrade MAGNUS RENT A CAR (from now on referred to as the Lessor) rents a vehicle to the Lessee (from now on referred to as the Lessee), whose details are on the first [&hellip;]<\/p>","protected":false},"author":1,"featured_media":0,"parent":0,"menu_order":0,"comment_status":"closed","ping_status":"closed","template":"","meta":{"site-sidebar-layout":"default","site-content-layout":"","ast-site-content-layout":"default","site-content-style":"default","site-sidebar-style":"default","ast-global-header-display":"","ast-banner-title-visibility":"","ast-main-header-display":"","ast-hfb-above-header-display":"","ast-hfb-below-header-display":"","ast-hfb-mobile-header-display":"","site-post-title":"disabled","ast-breadcrumbs-content":"","ast-featured-img":"","footer-sml-layout":"","theme-transparent-header-meta":"","adv-header-id-meta":"","stick-header-meta":"","header-above-stick-meta":"","header-main-stick-meta":"","header-below-stick-meta":"","astra-migrate-meta-layouts":"","ast-page-background-enabled":"default","ast-page-background-meta":{"desktop":{"background-color":"var(--ast-global-color-4)","background-image":"","background-repeat":"repeat","background-position":"center center","background-size":"auto","background-attachment":"scroll","background-type":"","background-media":"","overlay-type":"","overlay-color":"","overlay-opacity":"","overlay-gradient":""},"tablet":{"background-color":"","background-image":"","background-repeat":"repeat","background-position":"center center","background-size":"auto","background-attachment":"scroll","background-type":"","background-media":"","overlay-type":"","overlay-color":"","overlay-opacity":"","overlay-gradient":""},"mobile":{"background-color":"","background-image":"","background-repeat":"repeat","background-position":"center center","background-size":"auto","background-attachment":"scroll","background-type":"","background-media":"","overlay-type":"","overlay-color":"","overlay-opacity":"","overlay-gradient":""}},"ast-content-background-meta":{"desktop":{"background-color":"var(--ast-global-color-5)","background-image":"","background-repeat":"repeat","background-position":"center center","background-size":"auto","background-attachment":"scroll","background-type":"","background-media":"","overlay-type":"","overlay-color":"","overlay-opacity":"","overlay-gradient":""},"tablet":{"background-color":"var(--ast-global-color-5)","background-image":"","background-repeat":"repeat","background-position":"center center","background-size":"auto","background-attachment":"scroll","background-type":"","background-media":"","overlay-type":"","overlay-color":"","overlay-opacity":"","overlay-gradient":""},"mobile":{"background-color":"var(--ast-global-color-5)","background-image":"","background-repeat":"repeat","background-position":"center center","background-size":"auto","background-attachment":"scroll","background-type":"","background-media":"","overlay-type":"","overlay-color":"","overlay-opacity":"","overlay-gradient":""}},"footnotes":""},"class_list":["post-258","page","type-page","status-publish","hentry"],"yoast_head":"<!-- This site is optimized with the Yoast SEO plugin v25.3.1 - https:\/\/yoast.com\/wordpress\/plugins\/seo\/ -->\n<title>TERMS OF CONDITION - Magnus Rent A Car<\/title>\n<meta name=\"robots\" content=\"index, follow, max-snippet:-1, max-image-preview:large, max-video-preview:-1\" \/>\n<link rel=\"canonical\" href=\"https:\/\/magnusrentacar.rs\/sr\/terms-of-condition\/\" \/>\n<meta property=\"og:locale\" content=\"sr_RS\" \/>\n<meta property=\"og:type\" content=\"article\" \/>\n<meta property=\"og:title\" content=\"TERMS OF CONDITION - Magnus Rent A Car\" \/>\n<meta property=\"og:description\" content=\"TERMS OF USE MAGNUS RENT A CAR Terms of use and general provisions of&nbsp;MAGNUS Rent a car Belgrade&nbsp;agency for car rental in Belgrade MAGNUS RENT A CAR (from now on referred to as the Lessor) rents a vehicle to the Lessee (from now on referred to as the Lessee), whose details are on the first [&hellip;]\" \/>\n<meta property=\"og:url\" content=\"https:\/\/magnusrentacar.rs\/sr\/terms-of-condition\/\" \/>\n<meta property=\"og:site_name\" content=\"Magnus Rent A Car\" \/>\n<meta property=\"article:modified_time\" content=\"2023-11-09T22:53:08+00:00\" \/>\n<meta name=\"twitter:card\" content=\"summary_large_image\" \/>\n<meta name=\"twitter:label1\" content=\"\u041f\u0440\u043e\u0446\u0435\u045a\u0435\u043d\u043e \u0432\u0440\u0435\u043c\u0435 \u0447\u0438\u0442\u0430\u045a\u0430\" \/>\n\t<meta name=\"twitter:data1\" content=\"8 \u043c\u0438\u043d\u0443\u0442\u0430\" \/>\n<script type=\"application\/ld+json\" class=\"yoast-schema-graph\">{\"@context\":\"https:\/\/schema.org\",\"@graph\":[{\"@type\":\"WebPage\",\"@id\":\"https:\/\/magnusrentacar.rs\/terms-of-condition\/\",\"url\":\"https:\/\/magnusrentacar.rs\/terms-of-condition\/\",\"name\":\"TERMS OF CONDITION - Magnus Rent A Car\",\"isPartOf\":{\"@id\":\"https:\/\/magnusrentacar.rs\/#website\"},\"datePublished\":\"2023-11-09T17:59:18+00:00\",\"dateModified\":\"2023-11-09T22:53:08+00:00\",\"breadcrumb\":{\"@id\":\"https:\/\/magnusrentacar.rs\/terms-of-condition\/#breadcrumb\"},\"inLanguage\":\"sr-RS\",\"potentialAction\":[{\"@type\":\"ReadAction\",\"target\":[\"https:\/\/magnusrentacar.rs\/terms-of-condition\/\"]}]},{\"@type\":\"BreadcrumbList\",\"@id\":\"https:\/\/magnusrentacar.rs\/terms-of-condition\/#breadcrumb\",\"itemListElement\":[{\"@type\":\"ListItem\",\"position\":1,\"name\":\"Home\",\"item\":\"https:\/\/magnusrentacar.rs\/\"},{\"@type\":\"ListItem\",\"position\":2,\"name\":\"TERMS OF CONDITION\"}]},{\"@type\":\"WebSite\",\"@id\":\"https:\/\/magnusrentacar.rs\/#website\",\"url\":\"https:\/\/magnusrentacar.rs\/\",\"name\":\"Magnus Rent A Car\",\"description\":\"Affordable Cars for Rent in Belgrade\",\"publisher\":{\"@id\":\"https:\/\/magnusrentacar.rs\/#organization\"},\"potentialAction\":[{\"@type\":\"SearchAction\",\"target\":{\"@type\":\"EntryPoint\",\"urlTemplate\":\"https:\/\/magnusrentacar.rs\/?s={search_term_string}\"},\"query-input\":{\"@type\":\"PropertyValueSpecification\",\"valueRequired\":true,\"valueName\":\"search_term_string\"}}],\"inLanguage\":\"sr-RS\"},{\"@type\":\"Organization\",\"@id\":\"https:\/\/magnusrentacar.rs\/#organization\",\"name\":\"Magnus Rent A Car\",\"url\":\"https:\/\/magnusrentacar.rs\/\",\"logo\":{\"@type\":\"ImageObject\",\"inLanguage\":\"sr-RS\",\"@id\":\"https:\/\/magnusrentacar.rs\/#\/schema\/logo\/image\/\",\"url\":\"https:\/\/magnusrentacar.rs\/wp-content\/uploads\/2023\/11\/LOGO-60pix.png\",\"contentUrl\":\"https:\/\/magnusrentacar.rs\/wp-content\/uploads\/2023\/11\/LOGO-60pix.png\",\"width\":120,\"height\":61,\"caption\":\"Magnus Rent A Car\"},\"image\":{\"@id\":\"https:\/\/magnusrentacar.rs\/#\/schema\/logo\/image\/\"}}]}<\/script>\n<!-- \/ Yoast SEO plugin. -->","yoast_head_json":{"title":"TERMS OF CONDITION - Magnus Rent A Car","robots":{"index":"index","follow":"follow","max-snippet":"max-snippet:-1","max-image-preview":"max-image-preview:large","max-video-preview":"max-video-preview:-1"},"canonical":"https:\/\/magnusrentacar.rs\/sr\/terms-of-condition\/","og_locale":"sr_RS","og_type":"article","og_title":"TERMS OF CONDITION - Magnus Rent A Car","og_description":"TERMS OF USE MAGNUS RENT A CAR Terms of use and general provisions of&nbsp;MAGNUS Rent a car Belgrade&nbsp;agency for car rental in Belgrade MAGNUS RENT A CAR (from now on referred to as the Lessor) rents a vehicle to the Lessee (from now on referred to as the Lessee), whose details are on the first [&hellip;]","og_url":"https:\/\/magnusrentacar.rs\/sr\/terms-of-condition\/","og_site_name":"Magnus Rent A Car","article_modified_time":"2023-11-09T22:53:08+00:00","twitter_card":"summary_large_image","twitter_misc":{"\u041f\u0440\u043e\u0446\u0435\u045a\u0435\u043d\u043e \u0432\u0440\u0435\u043c\u0435 \u0447\u0438\u0442\u0430\u045a\u0430":"8 \u043c\u0438\u043d\u0443\u0442\u0430"},"schema":{"@context":"https:\/\/schema.org","@graph":[{"@type":"WebPage","@id":"https:\/\/magnusrentacar.rs\/terms-of-condition\/","url":"https:\/\/magnusrentacar.rs\/terms-of-condition\/","name":"TERMS OF CONDITION - Magnus Rent A Car","isPartOf":{"@id":"https:\/\/magnusrentacar.rs\/#website"},"datePublished":"2023-11-09T17:59:18+00:00","dateModified":"2023-11-09T22:53:08+00:00","breadcrumb":{"@id":"https:\/\/magnusrentacar.rs\/terms-of-condition\/#breadcrumb"},"inLanguage":"sr-RS","potentialAction":[{"@type":"ReadAction","target":["https:\/\/magnusrentacar.rs\/terms-of-condition\/"]}]},{"@type":"BreadcrumbList","@id":"https:\/\/magnusrentacar.rs\/terms-of-condition\/#breadcrumb","itemListElement":[{"@type":"ListItem","position":1,"name":"Home","item":"https:\/\/magnusrentacar.rs\/"},{"@type":"ListItem","position":2,"name":"TERMS OF CONDITION"}]},{"@type":"WebSite","@id":"https:\/\/magnusrentacar.rs\/#website","url":"https:\/\/magnusrentacar.rs\/","name":"Magnus Rent A Car","description":"Affordable Cars for Rent in Belgrade","publisher":{"@id":"https:\/\/magnusrentacar.rs\/#organization"},"potentialAction":[{"@type":"SearchAction","target":{"@type":"EntryPoint","urlTemplate":"https:\/\/magnusrentacar.rs\/?s={search_term_string}"},"query-input":{"@type":"PropertyValueSpecification","valueRequired":true,"valueName":"search_term_string"}}],"inLanguage":"sr-RS"},{"@type":"Organization","@id":"https:\/\/magnusrentacar.rs\/#organization","name":"Magnus Rent A Car","url":"https:\/\/magnusrentacar.rs\/","logo":{"@type":"ImageObject","inLanguage":"sr-RS","@id":"https:\/\/magnusrentacar.rs\/#\/schema\/logo\/image\/","url":"https:\/\/magnusrentacar.rs\/wp-content\/uploads\/2023\/11\/LOGO-60pix.png","contentUrl":"https:\/\/magnusrentacar.rs\/wp-content\/uploads\/2023\/11\/LOGO-60pix.png","width":120,"height":61,"caption":"Magnus Rent A Car"},"image":{"@id":"https:\/\/magnusrentacar.rs\/#\/schema\/logo\/image\/"}}]}},"_links":{"self":[{"href":"https:\/\/magnusrentacar.rs\/sr\/wp-json\/wp\/v2\/pages\/258","targetHints":{"allow":["GET"]}}],"collection":[{"href":"https:\/\/magnusrentacar.rs\/sr\/wp-json\/wp\/v2\/pages"}],"about":[{"href":"https:\/\/magnusrentacar.rs\/sr\/wp-json\/wp\/v2\/types\/page"}],"author":[{"embeddable":true,"href":"https:\/\/magnusrentacar.rs\/sr\/wp-json\/wp\/v2\/users\/1"}],"replies":[{"embeddable":true,"href":"https:\/\/magnusrentacar.rs\/sr\/wp-json\/wp\/v2\/comments?post=258"}],"version-history":[{"count":0,"href":"https:\/\/magnusrentacar.rs\/sr\/wp-json\/wp\/v2\/pages\/258\/revisions"}],"wp:attachment":[{"href":"https:\/\/magnusrentacar.rs\/sr\/wp-json\/wp\/v2\/media?parent=258"}],"curies":[{"name":"wp","href":"https:\/\/api.w.org\/{rel}","templated":true}]}}